{"id":7385,"date":"2020-02-29T15:26:00","date_gmt":"2020-02-29T14:26:00","guid":{"rendered":"https:\/\/www.larakleoh.com\/en\/?page_id=7385"},"modified":"2025-11-04T16:58:03","modified_gmt":"2025-11-04T15:58:03","slug":"home-2","status":"publish","type":"page","link":"https:\/\/www.larakleoh.com\/fr\/","title":{"rendered":"Accueil"},"content":{"rendered":"\t\t<div data-elementor-type=\"wp-page\" data-elementor-id=\"7385\" class=\"elementor elementor-7385\" data-elementor-post-type=\"page\">\n\t\t\t\t\n        <script type=\"text\/javascript\">\n            jQuery(document).ready(function () {\n                jQuery(\".elementor-element-645b31b\").prepend('<div class=\"aepro-section-bs\"><div class=\"aepro-section-bs-inner\"><\/div><\/div>');\n                var bgimage = '';\n                if ('' == 'yes') {\n\n                    \/\/if(bgimage == ''){\n                    \/\/    var bgoverlay = '';\n                    \/\/}else{\n                    var bgoverlay = 'https:\/\/www.larakleoh.com\/wp-content\/plugins\/anywhere-elementor-pro\/includes\/assets\/lib\/vegas\/overlays\/00.png';\n                    \/\/ }\n                } else {\n                    if ('') {\n                        var bgoverlay = 'https:\/\/www.larakleoh.com\/wp-content\/plugins\/anywhere-elementor-pro\/includes\/assets\/lib\/vegas\/overlays\/.png';\n                    } else {\n                        var bgoverlay = 'https:\/\/www.larakleoh.com\/wp-content\/plugins\/anywhere-elementor-pro\/includes\/assets\/lib\/vegas\/overlays\/00.png';\n                    }\n                }\n\n\n                jQuery(\".elementor-element-645b31b\").children('.aepro-section-bs').children('.aepro-section-bs-inner').vegas({\n                    slides: [{\"src\":\"https:\\\/\\\/www.larakleoh.com\\\/wp-content\\\/uploads\\\/2019\\\/11\\\/IMG_4386diapo216-9-1.jpg\"},{\"src\":\"https:\\\/\\\/www.larakleoh.com\\\/wp-content\\\/uploads\\\/2019\\\/11\\\/IMG_4397diapo216-9-1.jpg\"},{\"src\":\"https:\\\/\\\/www.larakleoh.com\\\/wp-content\\\/uploads\\\/2019\\\/11\\\/IMG_4646longdiapo216-9-1.jpg\"},{\"src\":\"https:\\\/\\\/www.larakleoh.com\\\/wp-content\\\/uploads\\\/2019\\\/11\\\/IMG_4584b216-9-1.jpg\"}],\n                    transition: 'fade',\n                    animation: '',\n                    overlay: bgoverlay,\n                    cover: true,\n                    delay: 5000,\n                    timer: true                });\n                if ('' == 'yes') {\n                    jQuery(\".elementor-element-645b31b\").children('.aepro-section-bs').children('.aepro-section-bs-inner').children('.vegas-overlay').css('background-image', '');\n                }\n            });\n        <\/script>\n\t\t\t\t<section class=\"has_ae_slider elementor-section elementor-top-section elementor-element elementor-element-645b31b elementor-section-stretched elementor-section-full_width elementor-section-height-full elementor-section-items-top elementor-section-height-default ae-bg-gallery-type-default\" data-id=\"645b31b\" data-element_type=\"section\" data-settings=\"{&quot;background_background&quot;:&quot;slideshow&quot;,&quot;stretch_section&quot;:&quot;section-stretched&quot;,&quot;background_slideshow_slide_duration&quot;:4800,&quot;background_slideshow_gallery&quot;:[],&quot;background_slideshow_loop&quot;:&quot;yes&quot;,&quot;background_slideshow_slide_transition&quot;:&quot;fade&quot;,&quot;background_slideshow_transition_duration&quot;:500}\">\n\t\t\t\t\t\t<div class=\"elementor-container elementor-column-gap-default\">\n\t\t\t\t\t<div class=\"has_ae_slider elementor-column elementor-col-100 elementor-top-column elementor-element elementor-element-3c69163 ae-bg-gallery-type-default\" data-id=\"3c69163\" data-element_type=\"column\">\n\t\t\t<div class=\"elementor-widget-wrap elementor-element-populated\">\n\t\t\t\t\t\t<section class=\"has_ae_slider elementor-section elementor-inner-section elementor-element elementor-element-8e943be elementor-section-full_width elementor-section-height-default elementor-section-height-default ae-bg-gallery-type-default\" data-id=\"8e943be\" data-element_type=\"section\">\n\t\t\t\t\t\t<div class=\"elementor-container elementor-column-gap-default\">\n\t\t\t\t\t<div class=\"has_ae_slider elementor-column elementor-col-50 elementor-inner-column elementor-element elementor-element-4e59b5e ae-bg-gallery-type-default\" data-id=\"4e59b5e\" data-element_type=\"column\">\n\t\t\t<div class=\"elementor-widget-wrap elementor-element-populated\">\n\t\t\t\t\t\t<div class=\"elementor-element elementor-element-b414e09 elementor-widget elementor-widget-image\" data-id=\"b414e09\" data-element_type=\"widget\" data-widget_type=\"image.default\">\n\t\t\t\t<div class=\"elementor-widget-container\">\n\t\t\t\t\t\t\t\t\t\t\t\t\t\t\t<img fetchpriority=\"high\" decoding=\"async\" width=\"575\" height=\"249\" src=\"https:\/\/www.larakleoh.com\/wp-content\/uploads\/2019\/11\/larakleoh_logo_website.png\" class=\"attachment-full size-full wp-image-1177\" alt=\"\" srcset=\"https:\/\/www.larakleoh.com\/wp-content\/uploads\/2019\/11\/larakleoh_logo_website.png 575w, https:\/\/www.larakleoh.com\/wp-content\/uploads\/2019\/11\/larakleoh_logo_website-450x195.png 450w, https:\/\/www.larakleoh.com\/wp-content\/uploads\/2019\/11\/larakleoh_logo_website-350x152.png 350w, https:\/\/www.larakleoh.com\/wp-content\/uploads\/2019\/11\/larakleoh_logo_website-300x130.png 300w\" sizes=\"(max-width: 575px) 100vw, 575px\" \/>\t\t\t\t\t\t\t\t\t\t\t\t\t\t\t<\/div>\n\t\t\t\t<\/div>\n\t\t\t\t\t<\/div>\n\t\t<\/div>\n\t\t\t\t<div class=\"has_ae_slider elementor-column elementor-col-50 elementor-inner-column elementor-element elementor-element-b8db87d ae-bg-gallery-type-default\" data-id=\"b8db87d\" data-element_type=\"column\" data-settings=\"{&quot;animation_mobile&quot;:&quot;none&quot;}\">\n\t\t\t<div class=\"elementor-widget-wrap elementor-element-populated\">\n\t\t\t\t\t\t<div class=\"elementor-element elementor-element-9c224e0 bdt-navigation-type-none elementor-hidden-desktop elementor-hidden-tablet elementor-align-center elementor-widget elementor-widget-bdt-slider\" data-id=\"9c224e0\" data-element_type=\"widget\" data-settings=\"{&quot;_animation&quot;:&quot;none&quot;}\" data-widget_type=\"bdt-slider.default\">\n\t\t\t\t<div class=\"elementor-widget-container\">\n\t\t\t\t\t\t\t<div id=\"bdt-slider-9c224e0\" class=\"bdt-slider\" data-settings=\"{&quot;autoplay&quot;:{&quot;delay&quot;:4800},&quot;loop&quot;:true,&quot;speed&quot;:500,&quot;effect&quot;:&quot;fade&quot;,&quot;navigation&quot;:{&quot;nextEl&quot;:&quot;#bdt-slider-9c224e0 .bdt-navigation-next&quot;,&quot;prevEl&quot;:&quot;#bdt-slider-9c224e0 .bdt-navigation-prev&quot;},&quot;pagination&quot;:{&quot;el&quot;:&quot;#bdt-slider-9c224e0 .swiper-pagination&quot;,&quot;type&quot;:&quot;&quot;,&quot;clickable&quot;:&quot;true&quot;,&quot;dynamicBullets&quot;:false},&quot;scrollbar&quot;:{&quot;el&quot;:&quot;#bdt-slider-9c224e0 .swiper-scrollbar&quot;,&quot;hide&quot;:&quot;true&quot;}}\">\n\t\t\t<div class=\"swiper-container\">\n\t\t\t\t\t\t<div class=\"swiper-wrapper\">\n\t\t\t\t\t\t\n\t\t\t\t\t\t\t\t\n\t\t\t\t<div class=\"bdt-slide-item swiper-slide bdt-slide-effect-left\">\n\n\t\t\t\t\t\n\t\t\t\t\t\t\t\t\t\t\t\t\t\t<div class=\"bdt-slider-image-wrapper\">\n\t\t\t\t\t\t\t\t<img decoding=\"async\" src=\"https:\/\/www.larakleoh.com\/wp-content\/uploads\/2020\/02\/IMG_4386diapoSQ.jpg\" alt=\"\" bdt-cover>\n\t\t\t\t\t\t\t<\/div>\n\t\t\t\t\t\t\t\n\t\t\t\t\t\t\t<div class=\"bdt-slide-desc bdt-position-large bdt-position-center bdt-position-z-index\">\n\n\t\t\t\t\t\t\t\t\n\t\t\t\t\t\t\t\t\n\t\t\t\t\t\t\t\t\t\t\t\t\t\t\t<\/div>\n\n\t\t\t\t\t\t\t\t\t\t\t\t\n\t\t\t\t<\/div>\n\t\t\t\t\n\t\t\t\t\t\t\t\t\n\t\t\t\t<div class=\"bdt-slide-item swiper-slide bdt-slide-effect-left\">\n\n\t\t\t\t\t\n\t\t\t\t\t\t\t\t\t\t\t\t\t\t<div class=\"bdt-slider-image-wrapper\">\n\t\t\t\t\t\t\t\t<img decoding=\"async\" src=\"https:\/\/www.larakleoh.com\/wp-content\/uploads\/2020\/02\/IMG_4584b-SQ.jpg\" alt=\"\" bdt-cover>\n\t\t\t\t\t\t\t<\/div>\n\t\t\t\t\t\t\t\n\t\t\t\t\t\t\t<div class=\"bdt-slide-desc bdt-position-large bdt-position-center bdt-position-z-index\">\n\n\t\t\t\t\t\t\t\t\n\t\t\t\t\t\t\t\t\n\t\t\t\t\t\t\t\t\t\t\t\t\t\t\t<\/div>\n\n\t\t\t\t\t\t\t\t\t\t\t\t\n\t\t\t\t<\/div>\n\t\t\t\t\n\t\t\t\t\t\t\t\t\n\t\t\t\t<div class=\"bdt-slide-item swiper-slide bdt-slide-effect-left\">\n\n\t\t\t\t\t\n\t\t\t\t\t\t\t\t\t\t\t\t\t\t<div class=\"bdt-slider-image-wrapper\">\n\t\t\t\t\t\t\t\t<img decoding=\"async\" src=\"https:\/\/www.larakleoh.com\/wp-content\/uploads\/2020\/02\/IMG_4397diapoSQ.jpg\" alt=\"\" bdt-cover>\n\t\t\t\t\t\t\t<\/div>\n\t\t\t\t\t\t\t\n\t\t\t\t\t\t\t<div class=\"bdt-slide-desc bdt-position-large bdt-position-center bdt-position-z-index\">\n\n\t\t\t\t\t\t\t\t\n\t\t\t\t\t\t\t\t\n\t\t\t\t\t\t\t\t\t\t\t\t\t\t\t<\/div>\n\n\t\t\t\t\t\t\t\t\t\t\t\t\n\t\t\t\t<\/div>\n\t\t\t\t\n\t\t\t\t\t\t\t\t\n\t\t\t\t<div class=\"bdt-slide-item swiper-slide bdt-slide-effect-left\">\n\n\t\t\t\t\t\n\t\t\t\t\t\t\t\t\t\t\t\t\t\t<div class=\"bdt-slider-image-wrapper\">\n\t\t\t\t\t\t\t\t<img decoding=\"async\" src=\"https:\/\/www.larakleoh.com\/wp-content\/uploads\/2020\/02\/IMG_4646longdiapoSQ.jpg\" alt=\"\" bdt-cover>\n\t\t\t\t\t\t\t<\/div>\n\t\t\t\t\t\t\t\n\t\t\t\t\t\t\t<div class=\"bdt-slide-desc bdt-position-large bdt-position-center bdt-position-z-index\">\n\n\t\t\t\t\t\t\t\t\n\t\t\t\t\t\t\t\t\n\t\t\t\t\t\t\t\t\t\t\t\t\t\t\t<\/div>\n\n\t\t\t\t\t\t\t\t\t\t\t\t\n\t\t\t\t<\/div>\n\t\t\t\t\t\t<\/div>\n\t\t\t\t\t\t\t<\/div>\n\t\t\t\t\t\t\n\t\t\t\t\t\t\t\t\t\t\t\t\t<\/div>\n\n\t\t\t\t\t\t<\/div>\n\t\t\t\t<\/div>\n\t\t\t\t\t<\/div>\n\t\t<\/div>\n\t\t\t\t\t<\/div>\n\t\t<\/section>\n\t\t\t\t<section class=\"has_ae_slider elementor-section elementor-inner-section elementor-element elementor-element-544c452 elementor-section-full_width elementor-section-height-default elementor-section-height-default ae-bg-gallery-type-default\" data-id=\"544c452\" data-element_type=\"section\">\n\t\t\t\t\t\t<div class=\"elementor-container elementor-column-gap-no\">\n\t\t\t\t\t<div class=\"has_ae_slider elementor-column elementor-col-50 elementor-inner-column elementor-element elementor-element-5939239 ae-bg-gallery-type-default\" data-id=\"5939239\" data-element_type=\"column\">\n\t\t\t<div class=\"elementor-widget-wrap elementor-element-populated\">\n\t\t\t\t\t\t<div class=\"elementor-element elementor-element-f97c181 elementor-widget elementor-widget-text-editor\" data-id=\"f97c181\" data-element_type=\"widget\" data-widget_type=\"text-editor.default\">\n\t\t\t\t<div class=\"elementor-widget-container\">\n\t\t\t\t\t\t\t\t\t<div title=\"Page 2\"><div><div><p>Apr\u00e8s une formation en architecture, Lara con\u00e7oit des bijoux pour les galeries les plus prestigieuses. C&#8217;est alors qu&#8217;elle transforme le bijou en &#8220;r\u00e9inventant la spirale&#8221;, cette nouvelle fa\u00e7on sculpturale de cr\u00e9er un bijou et qui fut pr\u00e9curseur du mouvement actuel. Elle\u00a0invente\u00a0aussi\u00a0une nouvelle\u00a0fa\u00e7on de le porter: une boucle monte sur l&#8217;oreille et devient sculpture, un anneau s\u2019enroule derri\u00e8re le lobe, un autre flotte au-dessus, et une bague se r\u00e9invente selon la mani\u00e8re dont elle est port\u00e9e.<\/p><p>Plus accessible, sa nouvelle collection Lara Kleoh est d\u00e9finie par deux tangentes: l&#8217;architecture et la danse. Quelques pi\u00e8ces sont des variations sur des mod\u00e8les qu\u2019elle a cr\u00e9\u00e9s pour les galeries, et tandis que les formes sont pures et simples, elles incarnent toutes un concept.\u00a0L\u2019effet est\u00a0toujours singulier et intemporel.<\/p><\/div><\/div><\/div>\t\t\t\t\t\t\t\t<\/div>\n\t\t\t\t<\/div>\n\t\t\t\t<div class=\"elementor-element elementor-element-3ce8aab elementor-widget elementor-widget-wp-widget-wpm_language_switcher\" data-id=\"3ce8aab\" data-element_type=\"widget\" data-widget_type=\"wp-widget-wpm_language_switcher.default\">\n\t\t\t\t<div class=\"elementor-widget-container\">\n\t\t\t\t\t<div class=\"wpm widget_language_switcher\"><ul class=\"wpm-language-switcher wpm-switcher-list\">\r\n\t\t\t<li class=\"wpm-item-language-en\">\r\n\t\t\t\t\t\t\t<a href=\"https:\/\/www.larakleoh.com\/en\/wp-json\/wp\/v2\/pages\/7385\" data-lang=\"en\">\r\n\t\t\t\t\t\t\t\t\t\t\t\t\t\t\t\t<span>EN |<\/span>\r\n\t\t\t\t\t\t\t\t\t\t\t<\/a>\r\n\t\t\t\t\t<\/li>\r\n\t\t\t<li class=\"wpm-item-language-fr active\">\r\n\t\t\t\t\t\t\t<span data-lang=\"fr\">\r\n\t\t\t\t\t\t\t\t\t\t\t\t\t\t\t\t<span>&nbsp;FR<\/span>\r\n\t\t\t\t\t\t\t\t\t\t\t<\/span>\r\n\t\t\t\t\t<\/li>\r\n\t<\/ul>\r\n<\/div>\t\t\t\t<\/div>\n\t\t\t\t<\/div>\n\t\t\t\t\t<\/div>\n\t\t<\/div>\n\t\t\t\t<div class=\"has_ae_slider elementor-column elementor-col-50 elementor-inner-column elementor-element elementor-element-edf8faa ae-bg-gallery-type-default\" data-id=\"edf8faa\" data-element_type=\"column\">\n\t\t\t<div class=\"elementor-widget-wrap\">\n\t\t\t\t\t\t\t<\/div>\n\t\t<\/div>\n\t\t\t\t\t<\/div>\n\t\t<\/section>\n\t\t\t\t<section class=\"has_ae_slider elementor-section elementor-inner-section elementor-element elementor-element-2b47226 elementor-section-full_width elementor-section-height-default elementor-section-height-default ae-bg-gallery-type-default\" data-id=\"2b47226\" data-element_type=\"section\">\n\t\t\t\t\t\t<div class=\"elementor-container elementor-column-gap-no\">\n\t\t\t\t\t<div class=\"has_ae_slider elementor-column elementor-col-100 elementor-inner-column elementor-element elementor-element-c92c847 ae-bg-gallery-type-default\" data-id=\"c92c847\" data-element_type=\"column\" id=\"iconblue\">\n\t\t\t<div class=\"elementor-widget-wrap elementor-element-populated\">\n\t\t\t\t\t\t<div class=\"elementor-element elementor-element-d3dbee1 elementor-hidden-desktop elementor-hidden-tablet elementor-hidden-phone elementor-view-default elementor-widget elementor-widget-icon\" data-id=\"d3dbee1\" data-element_type=\"widget\" data-widget_type=\"icon.default\">\n\t\t\t\t<div class=\"elementor-widget-container\">\n\t\t\t\t\t\t\t<div class=\"elementor-icon-wrapper\">\n\t\t\t<div class=\"elementor-icon\">\n\t\t\t<i aria-hidden=\"true\" class=\"fas fa-circle\"><\/i>\t\t\t<\/div>\n\t\t<\/div>\n\t\t\t\t\t\t<\/div>\n\t\t\t\t<\/div>\n\t\t\t\t<div class=\"elementor-element elementor-element-5633c17 elementor-invisible elementor-widget elementor-widget-text-editor\" data-id=\"5633c17\" data-element_type=\"widget\" data-settings=\"{&quot;_animation&quot;:&quot;pulse&quot;,&quot;_animation_delay&quot;:200}\" data-widget_type=\"text-editor.default\">\n\t\t\t\t<div class=\"elementor-widget-container\">\n\t\t\t\t\t\t\t\t\t<p style=\"text-align: center;\"><\/p>\n<p style=\"text-align: center;\"> <a href=\"https:\/\/www.larakleoh.com\/fr\/bijoux-contemporains\/all\/\">\n<i class=\"fas fa-circle\" aria-hidden=\"true\"><\/i><br>\nEntrer <\/a>\n<\/p>\t\t\t\t\t\t\t\t<\/div>\n\t\t\t\t<\/div>\n\t\t\t\t\t<\/div>\n\t\t<\/div>\n\t\t\t\t\t<\/div>\n\t\t<\/section>\n\t\t\t\t\t<\/div>\n\t\t<\/div>\n\t\t\t\t\t<\/div>\n\t\t<\/section>\n\t\t\t\t<\/div>\n\t\t","protected":false},"excerpt":{"rendered":"<p>Apr\u00e8s une formation en architecture, Lara con\u00e7oit des bijoux pour les galeries les plus prestigieuses. C&#8217;est alors qu&#8217;elle transforme le bijou en &#8220;r\u00e9inventant la spirale&#8221;, cette nouvelle fa\u00e7on sculpturale de cr\u00e9er un bijou et qui fut pr\u00e9curseur du mouvement actuel. Elle\u00a0invente\u00a0aussi\u00a0une nouvelle\u00a0fa\u00e7on de le porter: une boucle monte sur l&#8217;oreille et devient sculpture, un anneau &hellip; <a href=\"https:\/\/www.larakleoh.com\/fr\/\" class=\"more-link\">Continuer la lecture de <span class=\"screen-reader-text\">Accueil<\/span><\/a><\/p>\n","protected":false},"author":7,"featured_media":915,"parent":0,"menu_order":0,"comment_status":"closed","ping_status":"closed","template":"elementor_canvas","meta":{"footnotes":""},"class_list":["post-7385","page","type-page","status-publish","has-post-thumbnail","hentry"],"aioseo_notices":[],"_links":{"self":[{"href":"https:\/\/www.larakleoh.com\/fr\/wp-json\/wp\/v2\/pages\/7385","targetHints":{"allow":["GET"]}}],"collection":[{"href":"https:\/\/www.larakleoh.com\/fr\/wp-json\/wp\/v2\/pages"}],"about":[{"href":"https:\/\/www.larakleoh.com\/fr\/wp-json\/wp\/v2\/types\/page"}],"author":[{"embeddable":true,"href":"https:\/\/www.larakleoh.com\/fr\/wp-json\/wp\/v2\/users\/7"}],"replies":[{"embeddable":true,"href":"https:\/\/www.larakleoh.com\/fr\/wp-json\/wp\/v2\/comments?post=7385"}],"version-history":[{"count":78,"href":"https:\/\/www.larakleoh.com\/fr\/wp-json\/wp\/v2\/pages\/7385\/revisions"}],"predecessor-version":[{"id":9412,"href":"https:\/\/www.larakleoh.com\/fr\/wp-json\/wp\/v2\/pages\/7385\/revisions\/9412"}],"wp:featuredmedia":[{"embeddable":true,"href":"https:\/\/www.larakleoh.com\/fr\/wp-json\/wp\/v2\/media\/915"}],"wp:attachment":[{"href":"https:\/\/www.larakleoh.com\/fr\/wp-json\/wp\/v2\/media?parent=7385"}],"curies":[{"name":"wp","href":"https:\/\/api.w.org\/{rel}","templated":true}]}}