{"id":405,"date":"2019-10-27T00:31:13","date_gmt":"2019-10-26T22:31:13","guid":{"rendered":"http:\/\/www.larakleoh.com\/fr\/?post_type=product&#038;p=405"},"modified":"2023-08-05T22:57:11","modified_gmt":"2023-08-05T20:57:11","slug":"chain-ring","status":"publish","type":"product","link":"https:\/\/www.larakleoh.com\/fr\/jewelry\/chain-ring\/","title":{"rendered":"Chain R5 et R7 bague"},"content":{"rendered":"<p>Avec 5 ou 7 anneaux, cette bague est contemporaine et ludique. Elle peut \u00eatre port\u00e9e sur un doigt ou plus, et de diff\u00e9rentes fa\u00e7ons. Mod\u00e8le cr\u00e9\u00e9 en 2006.<\/p>\n","protected":false},"excerpt":{"rendered":"<p>Cette bague doit \u00eatre port\u00e9e confortablement, ample et non serr\u00e9e, ce qui permet de la porter de fa\u00e7ons vari\u00e9es: sur 2 doigts ou plus, en accord\u00e9on, etc&#8230; Si vous h\u00e9sitez pour le choix de taille, contactez-nous: <a href=\"mailto:info@larakleoh.com\">info@larakleoh.com<\/a>.<\/p>\n<p>Les objets en argent s&#8217;oxydent \u00e0 l&#8217;air libre. Il est conseill\u00e9 de ranger la bague dans la pochette fournie.<\/p>\n<p><strong>Vid\u00e9o: <\/strong>Commencer par enfiler les anneaux l\u2019un apr\u00e8s l\u2019autre sur la phalange du milieu, toujours du m\u00eame c\u00f4t\u00e9 et de la m\u00eame fa\u00e7on. Remonter la bague alors que les anneaux sont souples et non coinc\u00e9s. Ne pas forcer.<\/p>\n<div style=\"width: 660px;\" class=\"wp-video\"><video class=\"wp-video-shortcode\" id=\"video-405-1\" width=\"660\" height=\"371\" preload=\"metadata\" controls=\"controls\"><source type=\"video\/mp4\" src=\"https:\/\/www.larakleoh.com\/wp-content\/uploads\/2019\/11\/Mon-film-1.mp4?_=1\" \/><a href=\"https:\/\/www.larakleoh.com\/wp-content\/uploads\/2019\/11\/Mon-film-1.mp4\">https:\/\/www.larakleoh.com\/wp-content\/uploads\/2019\/11\/Mon-film-1.mp4<\/a><\/video><\/div>\n<p><strong>Conversion et taille des bagues: <\/strong>Veuillez noter que la taille du doigt varie avec la chaleur, en fin de journ\u00e9e, et durant la grossesse.<\/p>\n<p><a href=\"https:\/\/www.larakleoh.com\/wp-content\/uploads\/2019\/10\/bague-tableau.jpg\"><img fetchpriority=\"high\" decoding=\"async\" class=\"alignnone wp-image-1315\" src=\"https:\/\/www.larakleoh.com\/wp-content\/uploads\/2019\/10\/bague-tableau.jpg\" alt=\"\" width=\"252\" height=\"300\" srcset=\"https:\/\/www.larakleoh.com\/wp-content\/uploads\/2019\/10\/bague-tableau.jpg 841w, https:\/\/www.larakleoh.com\/wp-content\/uploads\/2019\/10\/bague-tableau-450x535.jpg 450w, https:\/\/www.larakleoh.com\/wp-content\/uploads\/2019\/10\/bague-tableau-350x416.jpg 350w, https:\/\/www.larakleoh.com\/wp-content\/uploads\/2019\/10\/bague-tableau-300x357.jpg 300w, https:\/\/www.larakleoh.com\/wp-content\/uploads\/2019\/10\/bague-tableau-252x300.jpg 252w, https:\/\/www.larakleoh.com\/wp-content\/uploads\/2019\/10\/bague-tableau-768x913.jpg 768w\" sizes=\"(max-width: 252px) 100vw, 252px\" \/><\/a><\/p>\n","protected":false},"featured_media":2240,"template":"","meta":[],"product_brand":[],"product_cat":[56,51,50,54],"product_tag":[],"class_list":{"0":"post-405","1":"product","2":"type-product","3":"status-publish","4":"has-post-thumbnail","6":"product_cat-passe-compose","7":"product_cat-bagues","8":"product_cat-all","9":"product_cat-unisex","10":"pif-has-gallery","12":"first","13":"instock","14":"taxable","15":"shipping-taxable","16":"purchasable","17":"product-type-variable","18":"has-default-attributes"},"aioseo_notices":[],"_links":{"self":[{"href":"https:\/\/www.larakleoh.com\/fr\/wp-json\/wp\/v2\/product\/405","targetHints":{"allow":["GET"]}}],"collection":[{"href":"https:\/\/www.larakleoh.com\/fr\/wp-json\/wp\/v2\/product"}],"about":[{"href":"https:\/\/www.larakleoh.com\/fr\/wp-json\/wp\/v2\/types\/product"}],"wp:featuredmedia":[{"embeddable":true,"href":"https:\/\/www.larakleoh.com\/fr\/wp-json\/wp\/v2\/media\/2240"}],"wp:attachment":[{"href":"https:\/\/www.larakleoh.com\/fr\/wp-json\/wp\/v2\/media?parent=405"}],"wp:term":[{"taxonomy":"product_brand","embeddable":true,"href":"https:\/\/www.larakleoh.com\/fr\/wp-json\/wp\/v2\/product_brand?post=405"},{"taxonomy":"product_cat","embeddable":true,"href":"https:\/\/www.larakleoh.com\/fr\/wp-json\/wp\/v2\/product_cat?post=405"},{"taxonomy":"product_tag","embeddable":true,"href":"https:\/\/www.larakleoh.com\/fr\/wp-json\/wp\/v2\/product_tag?post=405"}],"curies":[{"name":"wp","href":"https:\/\/api.w.org\/{rel}","templated":true}]}}