{"id":422,"date":"2019-10-27T00:41:22","date_gmt":"2019-10-26T22:41:22","guid":{"rendered":"http:\/\/www.larakleoh.com\/fr\/?post_type=product&#038;p=422"},"modified":"2023-08-05T22:53:37","modified_gmt":"2023-08-05T20:53:37","slug":"twist-earrings","status":"publish","type":"product","link":"https:\/\/www.larakleoh.com\/fr\/jewelry\/twist-earrings\/","title":{"rendered":"Twist  boucles d&#039;oreilles"},"content":{"rendered":"<p>Cette boucle d\u2019oreille est une variante forte et simple de l\u2019anneau classique. Mod\u00e8le cr\u00e9\u00e9 en 2006.<\/p>\n<p>&nbsp;<\/p>\n","protected":false},"excerpt":{"rendered":"<p>Ces boucles d&#8217;oreilles peuvent \u00eatre port\u00e9es sur le c\u00f4t\u00e9 droit ou gauche.<\/p>\n<p>Ne pas forcer la poussette. Elle doit glisser facilement si elle est ins\u00e9r\u00e9e \u00e0 un angle droit.<\/p>\n<p>Ces boucles d&#8217;oreilles sont vendues par paire, mais il est possible d&#8217;en commander une seule en pr\u00e9cisant le c\u00f4t\u00e9. Pour toute question ou commande particuli\u00e8re \u00e9crivez-nous \u00e0 info@larakleoh.com.<\/p>\n<p>Les objets en argent aux formes sculpturales sont fragiles et s&#8217;oxydent \u00e0 l&#8217;air libre. Il est conseill\u00e9 de ranger les boucles d\u2019oreilles dans la pochette fournie, s\u00e9par\u00e9ment chacune d\u2019un c\u00f4t\u00e9, et de les garder dans la bo\u00eete.<\/p>\n","protected":false},"featured_media":744,"template":"","meta":[],"product_brand":[],"product_cat":[56,52,50],"product_tag":[],"class_list":{"0":"post-422","1":"product","2":"type-product","3":"status-publish","4":"has-post-thumbnail","6":"product_cat-passe-compose","7":"product_cat-earrings","8":"product_cat-all","9":"pif-has-gallery","11":"first","12":"instock","13":"taxable","14":"shipping-taxable","15":"purchasable","16":"product-type-variable","17":"has-default-attributes"},"aioseo_notices":[],"_links":{"self":[{"href":"https:\/\/www.larakleoh.com\/fr\/wp-json\/wp\/v2\/product\/422","targetHints":{"allow":["GET"]}}],"collection":[{"href":"https:\/\/www.larakleoh.com\/fr\/wp-json\/wp\/v2\/product"}],"about":[{"href":"https:\/\/www.larakleoh.com\/fr\/wp-json\/wp\/v2\/types\/product"}],"wp:featuredmedia":[{"embeddable":true,"href":"https:\/\/www.larakleoh.com\/fr\/wp-json\/wp\/v2\/media\/744"}],"wp:attachment":[{"href":"https:\/\/www.larakleoh.com\/fr\/wp-json\/wp\/v2\/media?parent=422"}],"wp:term":[{"taxonomy":"product_brand","embeddable":true,"href":"https:\/\/www.larakleoh.com\/fr\/wp-json\/wp\/v2\/product_brand?post=422"},{"taxonomy":"product_cat","embeddable":true,"href":"https:\/\/www.larakleoh.com\/fr\/wp-json\/wp\/v2\/product_cat?post=422"},{"taxonomy":"product_tag","embeddable":true,"href":"https:\/\/www.larakleoh.com\/fr\/wp-json\/wp\/v2\/product_tag?post=422"}],"curies":[{"name":"wp","href":"https:\/\/api.w.org\/{rel}","templated":true}]}}