{"id":424,"date":"2019-10-27T00:53:13","date_gmt":"2019-10-26T22:53:13","guid":{"rendered":"http:\/\/www.larakleoh.com\/fr\/?post_type=product&#038;p=424"},"modified":"2025-05-28T09:11:00","modified_gmt":"2025-05-28T07:11:00","slug":"montaigne-earrings","status":"publish","type":"product","link":"https:\/\/www.larakleoh.com\/fr\/jewelry\/montaigne-earrings\/","title":{"rendered":"Montaigne boucles d&#039;oreilles"},"content":{"rendered":"<p>Un des premiers mod\u00e8les d\u2019une s\u00e9rie fluide et sculpturale inspir\u00e9e de la danse, il s\u2019agit d\u2019une variante d\u2019un mod\u00e8le iconique de 2003. \u00c9l\u00e9gant, styl\u00e9 et toujours tr\u00e8s actuel.<\/p>\n","protected":false},"excerpt":{"rendered":"<p>Ces boucles d&#039;oreilles ont un c\u00f4t\u00e9 droit et gauche. Le petit anneau est plac\u00e9 proche du visage pour une meilleure tenue.<\/p>\n<p>Ne pas forcer la poussette. Elle doit glisser facilement si elle est ins\u00e9r\u00e9e \u00e0 un angle droit.<\/p>\n<p>Ces boucles d&#039;oreilles sont vendues par paire, mais il est possible d&#039;en commander une seule en pr\u00e9cisant le c\u00f4t\u00e9. Pour toute question ou commande particuli\u00e8re \u00e9crivez-nous \u00e0: info@larakleoh.com.<\/p>\n<p>Les objets en argent aux formes sculpturales sont fragiles et s&#039;oxydent \u00e0 l&#039;air libre. Il est conseill\u00e9 de ranger les boucles d\u2019oreilles dans la pochette fournie, s\u00e9par\u00e9ment chacune d\u2019un c\u00f4t\u00e9, et de les garder dans la bo\u00eete.<\/p>\n","protected":false},"featured_media":1744,"template":"","meta":[],"product_brand":[],"product_cat":[56,52,50],"product_tag":[],"class_list":{"0":"post-424","1":"product","2":"type-product","3":"status-publish","4":"has-post-thumbnail","6":"product_cat-passe-compose","7":"product_cat-earrings","8":"product_cat-all","9":"pif-has-gallery","11":"first","12":"instock","13":"taxable","14":"shipping-taxable","15":"purchasable","16":"product-type-variable"},"aioseo_notices":[],"_links":{"self":[{"href":"https:\/\/www.larakleoh.com\/fr\/wp-json\/wp\/v2\/product\/424","targetHints":{"allow":["GET"]}}],"collection":[{"href":"https:\/\/www.larakleoh.com\/fr\/wp-json\/wp\/v2\/product"}],"about":[{"href":"https:\/\/www.larakleoh.com\/fr\/wp-json\/wp\/v2\/types\/product"}],"wp:featuredmedia":[{"embeddable":true,"href":"https:\/\/www.larakleoh.com\/fr\/wp-json\/wp\/v2\/media\/1744"}],"wp:attachment":[{"href":"https:\/\/www.larakleoh.com\/fr\/wp-json\/wp\/v2\/media?parent=424"}],"wp:term":[{"taxonomy":"product_brand","embeddable":true,"href":"https:\/\/www.larakleoh.com\/fr\/wp-json\/wp\/v2\/product_brand?post=424"},{"taxonomy":"product_cat","embeddable":true,"href":"https:\/\/www.larakleoh.com\/fr\/wp-json\/wp\/v2\/product_cat?post=424"},{"taxonomy":"product_tag","embeddable":true,"href":"https:\/\/www.larakleoh.com\/fr\/wp-json\/wp\/v2\/product_tag?post=424"}],"curies":[{"name":"wp","href":"https:\/\/api.w.org\/{rel}","templated":true}]}}