{"id":427,"date":"2019-10-27T01:09:53","date_gmt":"2019-10-26T23:09:53","guid":{"rendered":"http:\/\/www.larakleoh.com\/fr\/?post_type=product&#038;p=427"},"modified":"2024-05-18T23:22:15","modified_gmt":"2024-05-18T21:22:15","slug":"spring-ring","status":"publish","type":"product","link":"https:\/\/www.larakleoh.com\/fr\/jewelry\/spring-ring\/","title":{"rendered":"Spring bague"},"content":{"rendered":"<p>Un design embl\u00e9matique de la version \u00e0 succ\u00e8s cr\u00e9\u00e9e en 2004 et vendue dans les galeries, cette bague est toujours tr\u00e8s actuelle et contemporaine. Elle existe en version haute et basse, \u00e9galement pour hommes.<\/p>\n","protected":false},"excerpt":{"rendered":"<p>La taille de la bague \u201cSpring\u201d est ajustable, il sera toujours possible de la r\u00e9gler si votre doigt change de taille!<\/p>\n<p>Les objets en argent s&#039;oxydent \u00e0 l&#039;air libre. Il est conseill\u00e9 de ranger la bague dans la pochette fournie.<\/p>\n<p><strong>Conversion et taille des bagues:\u00a0<\/strong>Veuillez noter que la taille du doigt varie avec la chaleur, en fin de journ\u00e9e, et durant la grossesse.<\/p>\n<p><a href=\"https:\/\/www.larakleoh.com\/wp-content\/uploads\/2019\/10\/bague-tableau.jpg\"><img fetchpriority=\"high\" decoding=\"async\" class=\"alignnone wp-image-1315 \" src=\"https:\/\/www.larakleoh.com\/wp-content\/uploads\/2019\/10\/bague-tableau.jpg\" alt=\"\" width=\"252\" height=\"300\" srcset=\"https:\/\/www.larakleoh.com\/wp-content\/uploads\/2019\/10\/bague-tableau.jpg 841w, https:\/\/www.larakleoh.com\/wp-content\/uploads\/2019\/10\/bague-tableau-450x535.jpg 450w, https:\/\/www.larakleoh.com\/wp-content\/uploads\/2019\/10\/bague-tableau-350x416.jpg 350w, https:\/\/www.larakleoh.com\/wp-content\/uploads\/2019\/10\/bague-tableau-300x357.jpg 300w, https:\/\/www.larakleoh.com\/wp-content\/uploads\/2019\/10\/bague-tableau-252x300.jpg 252w, https:\/\/www.larakleoh.com\/wp-content\/uploads\/2019\/10\/bague-tableau-768x913.jpg 768w\" sizes=\"(max-width: 252px) 100vw, 252px\" \/><\/a><\/p>\n","protected":false},"featured_media":2204,"template":"","meta":[],"product_brand":[],"product_cat":[56,51,50,54],"product_tag":[],"class_list":{"0":"post-427","1":"product","2":"type-product","3":"status-publish","4":"has-post-thumbnail","6":"product_cat-passe-compose","7":"product_cat-bagues","8":"product_cat-all","9":"product_cat-unisex","10":"pif-has-gallery","12":"first","13":"instock","14":"taxable","15":"shipping-taxable","16":"purchasable","17":"product-type-variable","18":"has-default-attributes"},"aioseo_notices":[],"_links":{"self":[{"href":"https:\/\/www.larakleoh.com\/fr\/wp-json\/wp\/v2\/product\/427","targetHints":{"allow":["GET"]}}],"collection":[{"href":"https:\/\/www.larakleoh.com\/fr\/wp-json\/wp\/v2\/product"}],"about":[{"href":"https:\/\/www.larakleoh.com\/fr\/wp-json\/wp\/v2\/types\/product"}],"wp:featuredmedia":[{"embeddable":true,"href":"https:\/\/www.larakleoh.com\/fr\/wp-json\/wp\/v2\/media\/2204"}],"wp:attachment":[{"href":"https:\/\/www.larakleoh.com\/fr\/wp-json\/wp\/v2\/media?parent=427"}],"wp:term":[{"taxonomy":"product_brand","embeddable":true,"href":"https:\/\/www.larakleoh.com\/fr\/wp-json\/wp\/v2\/product_brand?post=427"},{"taxonomy":"product_cat","embeddable":true,"href":"https:\/\/www.larakleoh.com\/fr\/wp-json\/wp\/v2\/product_cat?post=427"},{"taxonomy":"product_tag","embeddable":true,"href":"https:\/\/www.larakleoh.com\/fr\/wp-json\/wp\/v2\/product_tag?post=427"}],"curies":[{"name":"wp","href":"https:\/\/api.w.org\/{rel}","templated":true}]}}