{"id":428,"date":"2019-10-27T01:20:11","date_gmt":"2019-10-26T23:20:11","guid":{"rendered":"http:\/\/www.larakleoh.com\/fr\/?post_type=product&#038;p=428"},"modified":"2024-03-31T17:04:41","modified_gmt":"2024-03-31T15:04:41","slug":"flow-ring","status":"publish","type":"product","link":"https:\/\/www.larakleoh.com\/fr\/jewelry\/flow-ring\/","title":{"rendered":"Flow bague"},"content":{"rendered":"<p>Cette bague flottante est \u00e9l\u00e9gante et sculpturale, elle se transforme sous diff\u00e9rents angles.<\/p>\n","protected":false},"excerpt":{"rendered":"<p>La taille de la bague \u201cFlow\u201d est ajustable, il sera toujours possible de la r\u00e9gler si votre doigt change de taille!<\/p>\n<p>Les objets en argent s&#8217;oxydent \u00e0 l&#8217;air libre. Il est conseill\u00e9 de ranger la bague dans la pochette fournie.<\/p>\n<p><strong>Conversion et taille des bagues:\u00a0<\/strong>Veuillez noter que la taille du doigt varie avec la chaleur, en fin de journ\u00e9e, et durant la grossesse.<\/p>\n<p><a href=\"https:\/\/www.larakleoh.com\/wp-content\/uploads\/2019\/10\/bague-tableau.jpg\"><img fetchpriority=\"high\" decoding=\"async\" class=\"alignnone wp-image-1315\" src=\"https:\/\/www.larakleoh.com\/wp-content\/uploads\/2019\/10\/bague-tableau.jpg\" alt=\"\" width=\"252\" height=\"300\" srcset=\"https:\/\/www.larakleoh.com\/wp-content\/uploads\/2019\/10\/bague-tableau.jpg 841w, https:\/\/www.larakleoh.com\/wp-content\/uploads\/2019\/10\/bague-tableau-450x535.jpg 450w, https:\/\/www.larakleoh.com\/wp-content\/uploads\/2019\/10\/bague-tableau-350x416.jpg 350w, https:\/\/www.larakleoh.com\/wp-content\/uploads\/2019\/10\/bague-tableau-300x357.jpg 300w, https:\/\/www.larakleoh.com\/wp-content\/uploads\/2019\/10\/bague-tableau-252x300.jpg 252w, https:\/\/www.larakleoh.com\/wp-content\/uploads\/2019\/10\/bague-tableau-768x913.jpg 768w\" sizes=\"(max-width: 252px) 100vw, 252px\" \/><\/a><\/p>\n","protected":false},"featured_media":4585,"template":"","meta":[],"product_brand":[],"product_cat":[51,57,50],"product_tag":[],"class_list":{"0":"post-428","1":"product","2":"type-product","3":"status-publish","4":"has-post-thumbnail","6":"product_cat-bagues","7":"product_cat-futur-simple","8":"product_cat-all","9":"pif-has-gallery","11":"first","12":"instock","13":"taxable","14":"shipping-taxable","15":"purchasable","16":"product-type-variable","17":"has-default-attributes"},"aioseo_notices":[],"_links":{"self":[{"href":"https:\/\/www.larakleoh.com\/fr\/wp-json\/wp\/v2\/product\/428","targetHints":{"allow":["GET"]}}],"collection":[{"href":"https:\/\/www.larakleoh.com\/fr\/wp-json\/wp\/v2\/product"}],"about":[{"href":"https:\/\/www.larakleoh.com\/fr\/wp-json\/wp\/v2\/types\/product"}],"wp:featuredmedia":[{"embeddable":true,"href":"https:\/\/www.larakleoh.com\/fr\/wp-json\/wp\/v2\/media\/4585"}],"wp:attachment":[{"href":"https:\/\/www.larakleoh.com\/fr\/wp-json\/wp\/v2\/media?parent=428"}],"wp:term":[{"taxonomy":"product_brand","embeddable":true,"href":"https:\/\/www.larakleoh.com\/fr\/wp-json\/wp\/v2\/product_brand?post=428"},{"taxonomy":"product_cat","embeddable":true,"href":"https:\/\/www.larakleoh.com\/fr\/wp-json\/wp\/v2\/product_cat?post=428"},{"taxonomy":"product_tag","embeddable":true,"href":"https:\/\/www.larakleoh.com\/fr\/wp-json\/wp\/v2\/product_tag?post=428"}],"curies":[{"name":"wp","href":"https:\/\/api.w.org\/{rel}","templated":true}]}}