{"id":559,"date":"2019-10-28T21:25:13","date_gmt":"2019-10-28T20:25:13","guid":{"rendered":"http:\/\/www.larakleoh.com\/fr\/?post_type=product&#038;p=559"},"modified":"2024-03-31T16:56:48","modified_gmt":"2024-03-31T14:56:48","slug":"jazz-pendant","status":"publish","type":"product","link":"https:\/\/www.larakleoh.com\/fr\/jewelry\/jazz-pendant\/","title":{"rendered":"Jazz pendentif"},"content":{"rendered":"<p>Graphisme original et puissant pour un accessoire singulier.<\/p>\n<p>&nbsp;<\/p>\n","protected":false},"excerpt":{"rendered":"<p>La cha\u00eene est disponible en 3 longueurs \u2013 la plus longue peut \u00eatre doubl\u00e9e.<\/p>\n<p>Les objets en argent s&#8217;oxydent \u00e0 l&#8217;air libre. De plus, afin d&#8217;\u00e9viter d&#8217;entrem\u00ealer les pi\u00e8ces; il est conseill\u00e9 de ranger le pendentif et la cha\u00eene s\u00e9par\u00e9ment de chaque c\u00f4t\u00e9 de la pochette fournie.<\/p>\n","protected":false},"featured_media":1698,"template":"","meta":[],"product_brand":[],"product_cat":[57,55,50,54],"product_tag":[],"class_list":{"0":"post-559","1":"product","2":"type-product","3":"status-publish","4":"has-post-thumbnail","6":"product_cat-futur-simple","7":"product_cat-pendants","8":"product_cat-all","9":"product_cat-unisex","10":"pif-has-gallery","12":"first","13":"instock","14":"taxable","15":"shipping-taxable","16":"purchasable","17":"product-type-variable","18":"has-default-attributes"},"aioseo_notices":[],"_links":{"self":[{"href":"https:\/\/www.larakleoh.com\/fr\/wp-json\/wp\/v2\/product\/559","targetHints":{"allow":["GET"]}}],"collection":[{"href":"https:\/\/www.larakleoh.com\/fr\/wp-json\/wp\/v2\/product"}],"about":[{"href":"https:\/\/www.larakleoh.com\/fr\/wp-json\/wp\/v2\/types\/product"}],"wp:featuredmedia":[{"embeddable":true,"href":"https:\/\/www.larakleoh.com\/fr\/wp-json\/wp\/v2\/media\/1698"}],"wp:attachment":[{"href":"https:\/\/www.larakleoh.com\/fr\/wp-json\/wp\/v2\/media?parent=559"}],"wp:term":[{"taxonomy":"product_brand","embeddable":true,"href":"https:\/\/www.larakleoh.com\/fr\/wp-json\/wp\/v2\/product_brand?post=559"},{"taxonomy":"product_cat","embeddable":true,"href":"https:\/\/www.larakleoh.com\/fr\/wp-json\/wp\/v2\/product_cat?post=559"},{"taxonomy":"product_tag","embeddable":true,"href":"https:\/\/www.larakleoh.com\/fr\/wp-json\/wp\/v2\/product_tag?post=559"}],"curies":[{"name":"wp","href":"https:\/\/api.w.org\/{rel}","templated":true}]}}