{"id":587,"date":"2019-10-29T22:31:55","date_gmt":"2019-10-29T21:31:55","guid":{"rendered":"http:\/\/www.larakleoh.com\/fr\/?post_type=product&#038;p=587"},"modified":"2025-05-28T09:15:29","modified_gmt":"2025-05-28T07:15:29","slug":"waves-boucles-doreilles","status":"publish","type":"product","link":"https:\/\/www.larakleoh.com\/fr\/jewelry\/waves-boucles-doreilles\/","title":{"rendered":"Waves boucles d&#039;oreilles"},"content":{"rendered":"<p>Anneau ondul\u00e9 doux et f\u00e9minin qui contourne le lobe. Cette boucle d\u2019oreille est une variante originale de l\u2019anneau classique. Mod\u00e8le cr\u00e9\u00e9 en 2012.<\/p>\n","protected":false},"excerpt":{"rendered":"<p>Ces boucles d&#039;oreilles ont un c\u00f4t\u00e9 droit et un cot\u00e9 gauche, elles doivent contourner le lobe.<\/p>\n<p>Les tiges sont volontairement coud\u00e9es pour que les anneaux tombent droits lorsqu\u2019ils sont port\u00e9s. Ne pas les redresser!<\/p>\n<p>Ne pas forcer la poussette. Elle doit glisser facilement si elle est ins\u00e9r\u00e9e \u00e0 un angle droit.<\/p>\n<p>Ces boucles d&#039;oreilles sont vendues par paire, mais il est possible d&#039;en commander une seule en pr\u00e9cisant le c\u00f4t\u00e9. Pour toute question ou commande particuli\u00e8re \u00e9crivez-nous \u00e0: info@larakleoh.com.<\/p>\n<p>Les objets en argent aux formes sculpturales sont fragiles et s&#039;oxydent \u00e0 l&#039;air libre. Il est conseill\u00e9 de ranger les boucles d\u2019oreilles dans la pochette fournie, s\u00e9par\u00e9ment chacune d\u2019un c\u00f4t\u00e9, et de les garder dans la bo\u00eete.<\/p>\n<p><img fetchpriority=\"high\" decoding=\"async\" class=\"wp-image-3116 alignnone\" src=\"https:\/\/www.larakleoh.com\/wp-content\/uploads\/2019\/10\/IMG_5474-dessin-waves-450x325.jpg\" alt=\"\" width=\"321\" height=\"232\" srcset=\"https:\/\/www.larakleoh.com\/wp-content\/uploads\/2019\/10\/IMG_5474-dessin-waves-450x325.jpg 450w, https:\/\/www.larakleoh.com\/wp-content\/uploads\/2019\/10\/IMG_5474-dessin-waves-350x253.jpg 350w, https:\/\/www.larakleoh.com\/wp-content\/uploads\/2019\/10\/IMG_5474-dessin-waves-300x217.jpg 300w, https:\/\/www.larakleoh.com\/wp-content\/uploads\/2019\/10\/IMG_5474-dessin-waves.jpg 600w\" sizes=\"(max-width: 321px) 100vw, 321px\" \/><\/p>\n","protected":false},"featured_media":2413,"template":"","meta":[],"product_brand":[],"product_cat":[56,52,50],"product_tag":[],"class_list":{"0":"post-587","1":"product","2":"type-product","3":"status-publish","4":"has-post-thumbnail","6":"product_cat-passe-compose","7":"product_cat-earrings","8":"product_cat-all","9":"pif-has-gallery","11":"first","12":"instock","13":"taxable","14":"shipping-taxable","15":"purchasable","16":"product-type-variable"},"aioseo_notices":[],"_links":{"self":[{"href":"https:\/\/www.larakleoh.com\/fr\/wp-json\/wp\/v2\/product\/587","targetHints":{"allow":["GET"]}}],"collection":[{"href":"https:\/\/www.larakleoh.com\/fr\/wp-json\/wp\/v2\/product"}],"about":[{"href":"https:\/\/www.larakleoh.com\/fr\/wp-json\/wp\/v2\/types\/product"}],"wp:featuredmedia":[{"embeddable":true,"href":"https:\/\/www.larakleoh.com\/fr\/wp-json\/wp\/v2\/media\/2413"}],"wp:attachment":[{"href":"https:\/\/www.larakleoh.com\/fr\/wp-json\/wp\/v2\/media?parent=587"}],"wp:term":[{"taxonomy":"product_brand","embeddable":true,"href":"https:\/\/www.larakleoh.com\/fr\/wp-json\/wp\/v2\/product_brand?post=587"},{"taxonomy":"product_cat","embeddable":true,"href":"https:\/\/www.larakleoh.com\/fr\/wp-json\/wp\/v2\/product_cat?post=587"},{"taxonomy":"product_tag","embeddable":true,"href":"https:\/\/www.larakleoh.com\/fr\/wp-json\/wp\/v2\/product_tag?post=587"}],"curies":[{"name":"wp","href":"https:\/\/api.w.org\/{rel}","templated":true}]}}