{"id":593,"date":"2019-10-29T23:53:47","date_gmt":"2019-10-29T22:53:47","guid":{"rendered":"http:\/\/www.larakleoh.com\/fr\/?post_type=product&#038;p=593"},"modified":"2020-05-19T15:33:28","modified_gmt":"2020-05-19T13:33:28","slug":"lepic-loop-earrings","status":"publish","type":"product","link":"https:\/\/www.larakleoh.com\/fr\/jewelry\/lepic-loop-earrings\/","title":{"rendered":"Lepic &#038; Loop boucles d&#8217;oreilles"},"content":{"rendered":"<p>\u00c9l\u00e9gantes et contemporaines, ces boucles s\u2019enroulent et montent sur l\u2019oreille pour devenir sculpture. Le nom fait\u00a0r\u00e9f\u00e9rence\u00a0\u00e0 la rue Lepic \u00e0 Montmartre qui monte en tournant.<\/p>\n","protected":false},"excerpt":{"rendered":"<p>Ces boucles d&#8217;oreilles ont un c\u00f4t\u00e9 droit et un c\u00f4t\u00e9 gauche. Les tiges sont longues pour les ins\u00e9rer plus facilement. Tenir par les cotes, une fois la boucle bien positionn\u00e9e glissez la poussette.<\/p>\n<p>Ne pas forcer la poussette. Elle doit glisser facilement si elle est ins\u00e9r\u00e9e \u00e0 un angle droit.<\/p>\n<p>Ces boucles d&#8217;oreilles sont vendues par paire, mais il est possible d&#8217;en commander une seule en pr\u00e9cisant le c\u00f4t\u00e9. Pour toute question ou commande particuli\u00e8re \u00e9crivez-nous \u00e0 info@larakleoh.com.<\/p>\n<p>Les objets en argent aux formes sculpturales sont fragiles et s&#8217;oxydent \u00e0 l&#8217;air libre. Il est conseill\u00e9 de ranger les boucles d\u2019oreilles dans la pochette fournie, s\u00e9par\u00e9ment chacune d\u2019un c\u00f4t\u00e9, et de les garder dans la bo\u00eete.<\/p>\n","protected":false},"featured_media":4828,"template":"","meta":[],"product_brand":[],"product_cat":[52,57,50],"product_tag":[],"class_list":{"0":"post-593","1":"product","2":"type-product","3":"status-publish","4":"has-post-thumbnail","6":"product_cat-earrings","7":"product_cat-futur-simple","8":"product_cat-all","9":"pif-has-gallery","11":"first","12":"instock","13":"taxable","14":"shipping-taxable","15":"purchasable","16":"product-type-variable","17":"has-default-attributes"},"aioseo_notices":[],"_links":{"self":[{"href":"https:\/\/www.larakleoh.com\/fr\/wp-json\/wp\/v2\/product\/593","targetHints":{"allow":["GET"]}}],"collection":[{"href":"https:\/\/www.larakleoh.com\/fr\/wp-json\/wp\/v2\/product"}],"about":[{"href":"https:\/\/www.larakleoh.com\/fr\/wp-json\/wp\/v2\/types\/product"}],"wp:featuredmedia":[{"embeddable":true,"href":"https:\/\/www.larakleoh.com\/fr\/wp-json\/wp\/v2\/media\/4828"}],"wp:attachment":[{"href":"https:\/\/www.larakleoh.com\/fr\/wp-json\/wp\/v2\/media?parent=593"}],"wp:term":[{"taxonomy":"product_brand","embeddable":true,"href":"https:\/\/www.larakleoh.com\/fr\/wp-json\/wp\/v2\/product_brand?post=593"},{"taxonomy":"product_cat","embeddable":true,"href":"https:\/\/www.larakleoh.com\/fr\/wp-json\/wp\/v2\/product_cat?post=593"},{"taxonomy":"product_tag","embeddable":true,"href":"https:\/\/www.larakleoh.com\/fr\/wp-json\/wp\/v2\/product_tag?post=593"}],"curies":[{"name":"wp","href":"https:\/\/api.w.org\/{rel}","templated":true}]}}