{"id":599,"date":"2019-10-30T00:02:01","date_gmt":"2019-10-29T23:02:01","guid":{"rendered":"http:\/\/www.larakleoh.com\/fr\/?post_type=product&#038;p=599"},"modified":"2024-03-31T16:44:58","modified_gmt":"2024-03-31T14:44:58","slug":"olympe-x-long-earrings","status":"publish","type":"product","link":"https:\/\/www.larakleoh.com\/fr\/jewelry\/olympe-x-long-earrings\/","title":{"rendered":"Olympe X-long boucles d&#8217;oreilles"},"content":{"rendered":"<p>Un design embl\u00e9matique \u00e0 succ\u00e8s de 2006, cette boucle d\u2019oreille est une interpr\u00e9tation moderne et originale des boules classiques. N&#8217;oubliez pas de voir la version Courte.<\/p>\n","protected":false},"excerpt":{"rendered":"<p>Ces boucles d&#8217;oreilles ont un c\u00f4t\u00e9 droit et un c\u00f4t\u00e9 gauche. La tige, qui a un angle, doit \u00eatre proche du visage \u2013 ne pas la redresser! Ceci leur permet de rester droites<\/p>\n<p>Ne pas les porter sans les poussettes de silicone fournies car vous risquez de les perdre. Une paire suppl\u00e9mentaire de poussettes est jointe dans la pochette.<\/p>\n<p>Ces boucles d&#8217;oreilles sont vendues par paire, mais il est possible d&#8217;en commander une seule en pr\u00e9cisant le c\u00f4t\u00e9. Pour toute question ou commande particuli\u00e8re \u00e9crivez-nous \u00e0 info@larakleoh.com.<\/p>\n<p>Les objets en argent aux formes sculpturales sont fragiles et s&#8217;oxydent \u00e0 l&#8217;air libre. Il est conseill\u00e9 de ranger les boucles d\u2019oreilles dans la pochette fournie, s\u00e9par\u00e9ment chacune d\u2019un c\u00f4t\u00e9, et de les garder dans la bo\u00eete.<\/p>\n<p><img fetchpriority=\"high\" decoding=\"async\" class=\" wp-image-3117 alignleft\" src=\"https:\/\/www.larakleoh.com\/wp-content\/uploads\/2019\/10\/IMG_5475-Olympe-drawing-450x360.jpg\" alt=\"\" width=\"366\" height=\"293\" srcset=\"https:\/\/www.larakleoh.com\/wp-content\/uploads\/2019\/10\/IMG_5475-Olympe-drawing-450x360.jpg 450w, https:\/\/www.larakleoh.com\/wp-content\/uploads\/2019\/10\/IMG_5475-Olympe-drawing-350x280.jpg 350w, https:\/\/www.larakleoh.com\/wp-content\/uploads\/2019\/10\/IMG_5475-Olympe-drawing-300x240.jpg 300w, https:\/\/www.larakleoh.com\/wp-content\/uploads\/2019\/10\/IMG_5475-Olympe-drawing.jpg 600w\" sizes=\"(max-width: 366px) 100vw, 366px\" \/><\/p>\n","protected":false},"featured_media":2220,"template":"","meta":[],"product_brand":[],"product_cat":[56,52,50],"product_tag":[],"class_list":{"0":"post-599","1":"product","2":"type-product","3":"status-publish","4":"has-post-thumbnail","6":"product_cat-passe-compose","7":"product_cat-earrings","8":"product_cat-all","9":"pif-has-gallery","11":"first","12":"instock","13":"taxable","14":"shipping-taxable","15":"purchasable","16":"product-type-variable","17":"has-default-attributes"},"aioseo_notices":[],"_links":{"self":[{"href":"https:\/\/www.larakleoh.com\/fr\/wp-json\/wp\/v2\/product\/599","targetHints":{"allow":["GET"]}}],"collection":[{"href":"https:\/\/www.larakleoh.com\/fr\/wp-json\/wp\/v2\/product"}],"about":[{"href":"https:\/\/www.larakleoh.com\/fr\/wp-json\/wp\/v2\/types\/product"}],"wp:featuredmedia":[{"embeddable":true,"href":"https:\/\/www.larakleoh.com\/fr\/wp-json\/wp\/v2\/media\/2220"}],"wp:attachment":[{"href":"https:\/\/www.larakleoh.com\/fr\/wp-json\/wp\/v2\/media?parent=599"}],"wp:term":[{"taxonomy":"product_brand","embeddable":true,"href":"https:\/\/www.larakleoh.com\/fr\/wp-json\/wp\/v2\/product_brand?post=599"},{"taxonomy":"product_cat","embeddable":true,"href":"https:\/\/www.larakleoh.com\/fr\/wp-json\/wp\/v2\/product_cat?post=599"},{"taxonomy":"product_tag","embeddable":true,"href":"https:\/\/www.larakleoh.com\/fr\/wp-json\/wp\/v2\/product_tag?post=599"}],"curies":[{"name":"wp","href":"https:\/\/api.w.org\/{rel}","templated":true}]}}