{"id":647,"date":"2019-10-30T22:17:38","date_gmt":"2019-10-30T21:17:38","guid":{"rendered":"http:\/\/www.larakleoh.com\/fr\/?post_type=product&#038;p=647"},"modified":"2020-05-30T12:48:45","modified_gmt":"2020-05-30T10:48:45","slug":"satellite-earrings","status":"publish","type":"product","link":"https:\/\/www.larakleoh.com\/fr\/jewelry\/satellite-earrings\/","title":{"rendered":"Satellite boucles d&#8217;oreilles"},"content":{"rendered":"<p>Boucles avant-gardistes avec l\u2019anneau qui monte au-dessus du lobe. Mod\u00e8le cr\u00e9\u00e9 en 2007 et toujours d\u2019actualit\u00e9.<\/p>\n","protected":false},"excerpt":{"rendered":"<p>Ne pas les porter sans les poussettes de silicone fournies car vous risquez de les perdre. Une paire suppl\u00e9mentaire de poussettes est jointe dans la pochette.<\/p>\n<p>Ces boucles d&#8217;oreilles sont vendues par paire, mais il est possible d&#8217;en commander une seule. Pour toute question ou commande particuli\u00e8re \u00e9crivez-nous \u00e0 info@larakleoh.com.<\/p>\n<p>Les objets en argent aux formes sculpturales sont fragiles et s&#8217;oxydent \u00e0 l&#8217;air libre. Il est conseill\u00e9 de ranger les boucles d\u2019oreilles dans la pochette fournie, s\u00e9par\u00e9ment chacune d\u2019un c\u00f4t\u00e9, et de les garder dans la bo\u00eete.<\/p>\n","protected":false},"featured_media":2356,"template":"","meta":[],"product_brand":[],"product_cat":[56,52,50],"product_tag":[],"class_list":{"0":"post-647","1":"product","2":"type-product","3":"status-publish","4":"has-post-thumbnail","6":"product_cat-passe-compose","7":"product_cat-earrings","8":"product_cat-all","9":"pif-has-gallery","11":"first","12":"instock","13":"taxable","14":"shipping-taxable","15":"purchasable","16":"product-type-variable"},"aioseo_notices":[],"_links":{"self":[{"href":"https:\/\/www.larakleoh.com\/fr\/wp-json\/wp\/v2\/product\/647","targetHints":{"allow":["GET"]}}],"collection":[{"href":"https:\/\/www.larakleoh.com\/fr\/wp-json\/wp\/v2\/product"}],"about":[{"href":"https:\/\/www.larakleoh.com\/fr\/wp-json\/wp\/v2\/types\/product"}],"wp:featuredmedia":[{"embeddable":true,"href":"https:\/\/www.larakleoh.com\/fr\/wp-json\/wp\/v2\/media\/2356"}],"wp:attachment":[{"href":"https:\/\/www.larakleoh.com\/fr\/wp-json\/wp\/v2\/media?parent=647"}],"wp:term":[{"taxonomy":"product_brand","embeddable":true,"href":"https:\/\/www.larakleoh.com\/fr\/wp-json\/wp\/v2\/product_brand?post=647"},{"taxonomy":"product_cat","embeddable":true,"href":"https:\/\/www.larakleoh.com\/fr\/wp-json\/wp\/v2\/product_cat?post=647"},{"taxonomy":"product_tag","embeddable":true,"href":"https:\/\/www.larakleoh.com\/fr\/wp-json\/wp\/v2\/product_tag?post=647"}],"curies":[{"name":"wp","href":"https:\/\/api.w.org\/{rel}","templated":true}]}}