{"id":654,"date":"2019-10-30T22:27:56","date_gmt":"2019-10-30T21:27:56","guid":{"rendered":"http:\/\/www.larakleoh.com\/fr\/?post_type=product&#038;p=654"},"modified":"2024-05-23T19:43:28","modified_gmt":"2024-05-23T17:43:28","slug":"bacchus-bracelet","status":"publish","type":"product","link":"https:\/\/www.larakleoh.com\/fr\/jewelry\/bacchus-bracelet\/","title":{"rendered":"Bacchus  bracelet"},"content":{"rendered":"<p>Bracelet manchette en argent, simple et \u00e9l\u00e9gant, \u00e9pouse joliment le bras.<\/p>\n","protected":false},"excerpt":{"rendered":"<p>Ce bracelet manchette se porte orient\u00e9 vers le haut ou le bas.<\/p>\n<p>Les objets en argent aux formes sculpturales sont fragiles et s&#039;oxydent \u00e0 l&#039;air libre. Il est conseill\u00e9 de ranger le bracelet dans la pochette fournie et de le garder dans la bo\u00eete.<\/p>\n","protected":false},"featured_media":2369,"template":"","meta":[],"product_brand":[],"product_cat":[53,57,50],"product_tag":[],"class_list":{"0":"post-654","1":"product","2":"type-product","3":"status-publish","4":"has-post-thumbnail","6":"product_cat-bracelets","7":"product_cat-futur-simple","8":"product_cat-all","9":"pif-has-gallery","11":"first","12":"outofstock","13":"taxable","14":"shipping-taxable","15":"purchasable","16":"product-type-variable","17":"has-default-attributes"},"aioseo_notices":[],"_links":{"self":[{"href":"https:\/\/www.larakleoh.com\/fr\/wp-json\/wp\/v2\/product\/654","targetHints":{"allow":["GET"]}}],"collection":[{"href":"https:\/\/www.larakleoh.com\/fr\/wp-json\/wp\/v2\/product"}],"about":[{"href":"https:\/\/www.larakleoh.com\/fr\/wp-json\/wp\/v2\/types\/product"}],"wp:featuredmedia":[{"embeddable":true,"href":"https:\/\/www.larakleoh.com\/fr\/wp-json\/wp\/v2\/media\/2369"}],"wp:attachment":[{"href":"https:\/\/www.larakleoh.com\/fr\/wp-json\/wp\/v2\/media?parent=654"}],"wp:term":[{"taxonomy":"product_brand","embeddable":true,"href":"https:\/\/www.larakleoh.com\/fr\/wp-json\/wp\/v2\/product_brand?post=654"},{"taxonomy":"product_cat","embeddable":true,"href":"https:\/\/www.larakleoh.com\/fr\/wp-json\/wp\/v2\/product_cat?post=654"},{"taxonomy":"product_tag","embeddable":true,"href":"https:\/\/www.larakleoh.com\/fr\/wp-json\/wp\/v2\/product_tag?post=654"}],"curies":[{"name":"wp","href":"https:\/\/api.w.org\/{rel}","templated":true}]}}