{"id":658,"date":"2019-10-31T13:08:06","date_gmt":"2019-10-31T12:08:06","guid":{"rendered":"http:\/\/www.larakleoh.com\/fr\/?post_type=product&#038;p=658"},"modified":"2025-05-28T09:09:29","modified_gmt":"2025-05-28T07:09:29","slug":"montmartre-earrings","status":"publish","type":"product","link":"https:\/\/www.larakleoh.com\/fr\/jewelry\/montmartre-earrings\/","title":{"rendered":"Montmartre boucles d&#039;oreilles"},"content":{"rendered":"<p>Un des premiers mod\u00e8les d\u2019une s\u00e9rie fluide et sculpturale inspir\u00e9e de la danse. Il s\u2019agit d\u2019une variante d\u2019un mod\u00e8le iconique de 2003. \u00c9l\u00e9gant, styl\u00e9 et toujours tr\u00e8s actuel.<\/p>\n","protected":false},"excerpt":{"rendered":"<p>Ces boucles d&#8217;oreilles ont un c\u00f4t\u00e9 droit et gauche. Le petit anneau est plac\u00e9 proche du visage pour une meilleure tenue.<\/p>\n<p>Ne pas forcer la poussette. Elle doit glisser facilement si elle est ins\u00e9r\u00e9e \u00e0 un angle droit.<\/p>\n<p>Ces boucles d&#8217;oreilles sont vendues par paire, mais il est possible d&#8217;en commander une seule en pr\u00e9cisant le c\u00f4t\u00e9. Pour toute question ou commande particuli\u00e8re \u00e9crivez-nous \u00e0: info@larakleoh.com.<\/p>\n<p>Les objets en argent aux formes sculpturales sont fragiles et s&#8217;oxydent \u00e0 l&#8217;air libre. Il est conseill\u00e9 de ranger les boucles d\u2019oreilles dans la pochette fournie, s\u00e9par\u00e9ment chacune d\u2019un c\u00f4t\u00e9, et de les garder dans la bo\u00eete.<\/p>\n","protected":false},"featured_media":4591,"template":"","meta":[],"product_brand":[],"product_cat":[56,52,50],"product_tag":[],"class_list":{"0":"post-658","1":"product","2":"type-product","3":"status-publish","4":"has-post-thumbnail","6":"product_cat-passe-compose","7":"product_cat-earrings","8":"product_cat-all","9":"pif-has-gallery","11":"first","12":"instock","13":"taxable","14":"shipping-taxable","15":"purchasable","16":"product-type-variable","17":"has-default-attributes"},"aioseo_notices":[],"_links":{"self":[{"href":"https:\/\/www.larakleoh.com\/fr\/wp-json\/wp\/v2\/product\/658","targetHints":{"allow":["GET"]}}],"collection":[{"href":"https:\/\/www.larakleoh.com\/fr\/wp-json\/wp\/v2\/product"}],"about":[{"href":"https:\/\/www.larakleoh.com\/fr\/wp-json\/wp\/v2\/types\/product"}],"wp:featuredmedia":[{"embeddable":true,"href":"https:\/\/www.larakleoh.com\/fr\/wp-json\/wp\/v2\/media\/4591"}],"wp:attachment":[{"href":"https:\/\/www.larakleoh.com\/fr\/wp-json\/wp\/v2\/media?parent=658"}],"wp:term":[{"taxonomy":"product_brand","embeddable":true,"href":"https:\/\/www.larakleoh.com\/fr\/wp-json\/wp\/v2\/product_brand?post=658"},{"taxonomy":"product_cat","embeddable":true,"href":"https:\/\/www.larakleoh.com\/fr\/wp-json\/wp\/v2\/product_cat?post=658"},{"taxonomy":"product_tag","embeddable":true,"href":"https:\/\/www.larakleoh.com\/fr\/wp-json\/wp\/v2\/product_tag?post=658"}],"curies":[{"name":"wp","href":"https:\/\/api.w.org\/{rel}","templated":true}]}}